{"id":1206,"date":"2021-02-03T19:46:11","date_gmt":"2021-02-03T19:46:11","guid":{"rendered":"http:\/\/precinct2.net\/?page_id=1206"},"modified":"2021-02-06T17:07:37","modified_gmt":"2021-02-06T17:07:37","slug":"permit-eligibility-requirements","status":"publish","type":"page","link":"https:\/\/precinct2.net\/es\/sanitation\/permit-eligibility-requirements\/","title":{"rendered":"Requisitos de Elegibilidad Para Permisos"},"content":{"rendered":"<div data-elementor-type=\"wp-page\" data-elementor-id=\"1206\" class=\"elementor elementor-1206\">\n\t\t\t\t\t\t<section class=\"elementor-section elementor-top-section elementor-element elementor-element-0590b11 elementor-section-boxed elementor-section-height-default elementor-section-height-default parallax_section_no qode_elementor_container_no qodef-elementor-content-no\" data-id=\"0590b11\" data-element_type=\"section\" data-e-type=\"section\">\n\t\t\t\t\t\t<div class=\"elementor-container elementor-column-gap-default\">\n\t\t\t\t\t<div class=\"elementor-column elementor-col-100 elementor-top-column elementor-element elementor-element-6203416\" data-id=\"6203416\" data-element_type=\"column\" data-e-type=\"column\">\n\t\t\t<div class=\"elementor-widget-wrap elementor-element-populated\">\n\t\t\t\t\t\t<div class=\"elementor-element elementor-element-e35e12e elementor-widget elementor-widget-text-editor\" data-id=\"e35e12e\" data-element_type=\"widget\" data-e-type=\"widget\" data-widget_type=\"text-editor.default\">\n\t\t\t\t<div class=\"elementor-widget-container\">\n\t\t\t\t\t\t\t\t\t<h1 class=\"subhead1\"><strong>Requisitos de Elegibilidad Para Permisos<\/strong><\/h1>\t\t\t\t\t\t\t\t<\/div>\n\t\t\t\t<\/div>\n\t\t\t\t\t<\/div>\n\t\t<\/div>\n\t\t\t\t\t<\/div>\n\t\t<\/section>\n\t\t\t\t<section class=\"elementor-section elementor-top-section elementor-element elementor-element-504f593 elementor-section-boxed elementor-section-height-default elementor-section-height-default parallax_section_no qode_elementor_container_no qodef-elementor-content-no\" data-id=\"504f593\" data-element_type=\"section\" data-e-type=\"section\">\n\t\t\t\t\t\t<div class=\"elementor-container elementor-column-gap-default\">\n\t\t\t\t\t<div class=\"elementor-column elementor-col-100 elementor-top-column elementor-element elementor-element-3e890d3\" data-id=\"3e890d3\" data-element_type=\"column\" data-e-type=\"column\">\n\t\t\t<div class=\"elementor-widget-wrap elementor-element-populated\">\n\t\t\t\t\t\t<div class=\"elementor-element elementor-element-3d54918 elementor-widget elementor-widget-text-editor\" data-id=\"3d54918\" data-element_type=\"widget\" data-e-type=\"widget\" data-widget_type=\"text-editor.default\">\n\t\t\t\t<div class=\"elementor-widget-container\">\n\t\t\t\t\t\t\t\t\t<div id=\"structuralContainer6\" class=\"outerContentWrap\" data-cprole=\"structuralContainer\"><div id=\"structuralContainer7\" class=\"contentWrap\" data-cprole=\"structuralContainer\"><div id=\"moduleContent\" data-cprole=\"mainContentContainer\"><div id=\"page\" class=\"moduleContentNew\"><div id=\"cc5f8c90dc-b4cb-431b-90ee-10648f8df655\" class=\"pageContent cpGrid cpGrid24\" data-containerid=\"5f8c90dc-b4cb-431b-90ee-10648f8df655\" data-contentcontainerbreakpoint=\"25\" data-smoothscrolling=\"True\"><div class=\"row outer wide\"><div class=\"outer col col24 first last\" data-widgetcontainerid=\"a3fe9ed3-d34d-4a47-9aa8-137f1a0dd147\"><div class=\"row nest first last wide\"><div class=\"inner col col24 first last idda6c2aae-5e1e-40e2-b45f-64657cb7aa43\" data-widgetcontainerid=\"da6c2aae-5e1e-40e2-b45f-64657cb7aa43\"><div id=\"divEditor083e552e-3ca5-492b-a05a-282f0c386a6c\" class=\"widget editor pageStyles wide\" data-elementqueryclasses=\"{\"><p>El sitio de recolecci\u00f3n de El Gato es un sitio de eliminaci\u00f3n para personas que residen fuera de los l\u00edmites de la ciudad y que viven dentro de los l\u00edmites del Recinto 2. Esta instalaci\u00f3n no brinda servicios a empresas, proveedores, o personas \"con fines de lucro\".<\/p><p>Para seguir usando la instalaci\u00f3n, los residentes deben proporcionar prueba de residencia.<\/p><p>\u00a0<\/p><h4 class=\"subhead2\">Requisitos Para Permiso<\/h4><ul><li>Solo se acepta una factura actual de agua o luz.<br \/><strong>Exception:<\/strong> renters and individuals sharing a water meter must bring in a water bill, even if the bill reflects the landlord&#8217;s name and an electric bill reflecting a service address along with a rent receipt showing that they are paying rent to the individual on the water bill.<\/li><li>Debe proporcionar una licencia de conducir o una identificaci\u00f3n de Texas; incluyendo la licencia de conducir o la identificaci\u00f3n de Texas de la persona reflejada en la factura del agua si es diferente a la suya.<\/li><li>Debe entregar la calcoman\u00eda cuando haya un cambio de veh\u00edculos o reemplazo de parabrisas; debe entregar una calcoman\u00eda emitida previamente para obtener otra.<\/li><li>Solo se emitir\u00e1 un permiso por veh\u00edculo.<\/li><\/ul><p>\u00a0<\/p><h4 class=\"subhead1\">Tarifas de Permisos<\/h4><ul><li>3 meses = $25<\/li><li>6 meses = $50<\/li><li>9 meses = $75<\/li><li>12 meses = $100<\/li><\/ul><p>\u00a0<\/p><h4 class=\"subhead2\">M\u00e9todo de Pago<\/h4><p>Efectivo, money order, tarjetas de cr\u00e9dito\/debito (una tarifa de transacci\u00f3n de $2.50)<\/p><p class=\"translation-block\">No se aceptan cheques<\/p><p>\u00a0<\/p><h4 class=\"subhead1\">Requisitos de Basura<\/h4><ul><li>El pasto y las hojas deben estar embolsadas.<\/li><li>Solo 4 llantas regulares por mes, sin rines.<\/li><li>No se aceptan materiales de construcci\u00f3n nueva.<\/li><li>Si elige quemar su escombro natural, debe comunicarse con la Oficina del Jefe de Bomberos del Condado de Hidalgo al 956-318-2656 (de lunes a viernes) para obtener un permiso de quema.<\/li><\/ul><p>\u00a0<\/p><h4 class=\"subhead2\">Aviso<\/h4><p>No se aceptar\u00e1 basura de los residentes que no tengan un permiso de eliminaci\u00f3n v\u00e1lido del condado de Hidalgo en el parabrisas del veh\u00edculo.<\/p><\/div><\/div><\/div><\/div><\/div><\/div><\/div><\/div><\/div><\/div>\t\t\t\t\t\t\t\t<\/div>\n\t\t\t\t<\/div>\n\t\t\t\t\t<\/div>\n\t\t<\/div>\n\t\t\t\t\t<\/div>\n\t\t<\/section>\n\t\t\t\t<\/div>","protected":false},"excerpt":{"rendered":"<p>Permit Eligibility Requirements The El Gato Collection Site is a disposal site for individuals residing&#8230;<\/p>","protected":false},"author":1,"featured_media":0,"parent":1310,"menu_order":0,"comment_status":"closed","ping_status":"closed","template":"full_width.php","meta":{"footnotes":""},"class_list":["post-1206","page","type-page","status-publish","hentry"],"yoast_head":"<!-- This site is optimized with the Yoast SEO plugin v27.0 - https:\/\/yoast.com\/product\/yoast-seo-wordpress\/ -->\n<title>Permit Eligibility Requirements - Hidalgo County Precinct 2, TX<\/title>\n<meta name=\"robots\" content=\"index, follow, max-snippet:-1, max-image-preview:large, max-video-preview:-1\" \/>\n<link rel=\"canonical\" href=\"https:\/\/precinct2.net\/es\/sanitation\/permit-eligibility-requirements\/\" \/>\n<meta property=\"og:locale\" content=\"es_MX\" \/>\n<meta property=\"og:type\" content=\"article\" \/>\n<meta property=\"og:title\" content=\"Permit Eligibility Requirements - Hidalgo County Precinct 2, TX\" \/>\n<meta property=\"og:description\" content=\"Permit Eligibility Requirements The El Gato Collection Site is a disposal site for individuals residing...\" \/>\n<meta property=\"og:url\" content=\"https:\/\/precinct2.net\/es\/sanitation\/permit-eligibility-requirements\/\" \/>\n<meta property=\"og:site_name\" content=\"Hidalgo County Precinct 2, TX\" \/>\n<meta property=\"article:modified_time\" content=\"2021-02-06T17:07:37+00:00\" \/>\n<meta name=\"twitter:card\" content=\"summary_large_image\" \/>\n<meta name=\"twitter:label1\" content=\"Tiempo de lectura\" \/>\n\t<meta name=\"twitter:data1\" content=\"1 minuto\" \/>\n<script type=\"application\/ld+json\" class=\"yoast-schema-graph\">{\"@context\":\"https:\/\/schema.org\",\"@graph\":[{\"@type\":\"WebPage\",\"@id\":\"https:\/\/precinct2.net\/sanitation\/permit-eligibility-requirements\/\",\"url\":\"https:\/\/precinct2.net\/sanitation\/permit-eligibility-requirements\/\",\"name\":\"Permit Eligibility Requirements - Hidalgo County Precinct 2, TX\",\"isPartOf\":{\"@id\":\"https:\/\/precinct2.net\/#website\"},\"datePublished\":\"2021-02-03T19:46:11+00:00\",\"dateModified\":\"2021-02-06T17:07:37+00:00\",\"breadcrumb\":{\"@id\":\"https:\/\/precinct2.net\/sanitation\/permit-eligibility-requirements\/#breadcrumb\"},\"inLanguage\":\"es\",\"potentialAction\":[{\"@type\":\"ReadAction\",\"target\":[\"https:\/\/precinct2.net\/sanitation\/permit-eligibility-requirements\/\"]}]},{\"@type\":\"BreadcrumbList\",\"@id\":\"https:\/\/precinct2.net\/sanitation\/permit-eligibility-requirements\/#breadcrumb\",\"itemListElement\":[{\"@type\":\"ListItem\",\"position\":1,\"name\":\"Home\",\"item\":\"https:\/\/precinct2.net\/\"},{\"@type\":\"ListItem\",\"position\":2,\"name\":\"Sanitation\",\"item\":\"https:\/\/precinct2.net\/sanitation\/\"},{\"@type\":\"ListItem\",\"position\":3,\"name\":\"Permit Eligibility Requirements\"}]},{\"@type\":\"WebSite\",\"@id\":\"https:\/\/precinct2.net\/#website\",\"url\":\"https:\/\/precinct2.net\/\",\"name\":\"Hidalgo County Precinct 2, TX\",\"description\":\"Official Website\",\"potentialAction\":[{\"@type\":\"SearchAction\",\"target\":{\"@type\":\"EntryPoint\",\"urlTemplate\":\"https:\/\/precinct2.net\/?s={search_term_string}\"},\"query-input\":{\"@type\":\"PropertyValueSpecification\",\"valueRequired\":true,\"valueName\":\"search_term_string\"}}],\"inLanguage\":\"es\"}]}<\/script>\n<!-- \/ Yoast SEO plugin. -->","yoast_head_json":{"title":"Permit Eligibility Requirements - Hidalgo County Precinct 2, TX","robots":{"index":"index","follow":"follow","max-snippet":"max-snippet:-1","max-image-preview":"max-image-preview:large","max-video-preview":"max-video-preview:-1"},"canonical":"https:\/\/precinct2.net\/es\/sanitation\/permit-eligibility-requirements\/","og_locale":"es_MX","og_type":"article","og_title":"Permit Eligibility Requirements - Hidalgo County Precinct 2, TX","og_description":"Permit Eligibility Requirements The El Gato Collection Site is a disposal site for individuals residing...","og_url":"https:\/\/precinct2.net\/es\/sanitation\/permit-eligibility-requirements\/","og_site_name":"Hidalgo County Precinct 2, TX","article_modified_time":"2021-02-06T17:07:37+00:00","twitter_card":"summary_large_image","twitter_misc":{"Tiempo de lectura":"1 minuto"},"schema":{"@context":"https:\/\/schema.org","@graph":[{"@type":"WebPage","@id":"https:\/\/precinct2.net\/sanitation\/permit-eligibility-requirements\/","url":"https:\/\/precinct2.net\/sanitation\/permit-eligibility-requirements\/","name":"Permit Eligibility Requirements - Hidalgo County Precinct 2, TX","isPartOf":{"@id":"https:\/\/precinct2.net\/#website"},"datePublished":"2021-02-03T19:46:11+00:00","dateModified":"2021-02-06T17:07:37+00:00","breadcrumb":{"@id":"https:\/\/precinct2.net\/sanitation\/permit-eligibility-requirements\/#breadcrumb"},"inLanguage":"es","potentialAction":[{"@type":"ReadAction","target":["https:\/\/precinct2.net\/sanitation\/permit-eligibility-requirements\/"]}]},{"@type":"BreadcrumbList","@id":"https:\/\/precinct2.net\/sanitation\/permit-eligibility-requirements\/#breadcrumb","itemListElement":[{"@type":"ListItem","position":1,"name":"Home","item":"https:\/\/precinct2.net\/"},{"@type":"ListItem","position":2,"name":"Sanitation","item":"https:\/\/precinct2.net\/sanitation\/"},{"@type":"ListItem","position":3,"name":"Permit Eligibility Requirements"}]},{"@type":"WebSite","@id":"https:\/\/precinct2.net\/#website","url":"https:\/\/precinct2.net\/","name":"Hidalgo County Precinct 2, TX","description":"Official Website","potentialAction":[{"@type":"SearchAction","target":{"@type":"EntryPoint","urlTemplate":"https:\/\/precinct2.net\/?s={search_term_string}"},"query-input":{"@type":"PropertyValueSpecification","valueRequired":true,"valueName":"search_term_string"}}],"inLanguage":"es"}]}},"_links":{"self":[{"href":"https:\/\/precinct2.net\/es\/wp-json\/wp\/v2\/pages\/1206","targetHints":{"allow":["GET"]}}],"collection":[{"href":"https:\/\/precinct2.net\/es\/wp-json\/wp\/v2\/pages"}],"about":[{"href":"https:\/\/precinct2.net\/es\/wp-json\/wp\/v2\/types\/page"}],"author":[{"embeddable":true,"href":"https:\/\/precinct2.net\/es\/wp-json\/wp\/v2\/users\/1"}],"replies":[{"embeddable":true,"href":"https:\/\/precinct2.net\/es\/wp-json\/wp\/v2\/comments?post=1206"}],"version-history":[{"count":17,"href":"https:\/\/precinct2.net\/es\/wp-json\/wp\/v2\/pages\/1206\/revisions"}],"predecessor-version":[{"id":1633,"href":"https:\/\/precinct2.net\/es\/wp-json\/wp\/v2\/pages\/1206\/revisions\/1633"}],"up":[{"embeddable":true,"href":"https:\/\/precinct2.net\/es\/wp-json\/wp\/v2\/pages\/1310"}],"wp:attachment":[{"href":"https:\/\/precinct2.net\/es\/wp-json\/wp\/v2\/media?parent=1206"}],"curies":[{"name":"wp","href":"https:\/\/api.w.org\/{rel}","templated":true}]}}