{"id":384,"date":"2021-01-29T18:44:09","date_gmt":"2021-01-29T18:44:09","guid":{"rendered":"http:\/\/precinct2.net\/?page_id=384"},"modified":"2021-02-19T21:53:34","modified_gmt":"2021-02-19T21:53:34","slug":"commissioner-precinct-2","status":"publish","type":"page","link":"https:\/\/precinct2.net\/es\/commissioner-precinct-2\/","title":{"rendered":"Comisionada Precinto 2"},"content":{"rendered":"<div data-elementor-type=\"wp-page\" data-elementor-id=\"384\" class=\"elementor elementor-384\">\n\t\t\t\t\t\t<section class=\"elementor-section elementor-top-section elementor-element elementor-element-b48082d elementor-section-full_width elementor-section-height-default elementor-section-height-default parallax_section_no qode_elementor_container_no qodef-elementor-content-no\" data-id=\"b48082d\" data-element_type=\"section\" data-e-type=\"section\" data-settings=\"{&quot;background_background&quot;:&quot;classic&quot;}\">\n\t\t\t\t\t\t<div class=\"elementor-container elementor-column-gap-default\">\n\t\t\t\t\t<div class=\"elementor-column elementor-col-100 elementor-top-column elementor-element elementor-element-276d55b\" data-id=\"276d55b\" data-element_type=\"column\" data-e-type=\"column\" data-settings=\"{&quot;background_background&quot;:&quot;classic&quot;}\">\n\t\t\t<div class=\"elementor-widget-wrap elementor-element-populated\">\n\t\t\t\t\t\t<div class=\"elementor-element elementor-element-4245003 elementor-widget elementor-widget-spacer\" data-id=\"4245003\" data-element_type=\"widget\" data-e-type=\"widget\" data-widget_type=\"spacer.default\">\n\t\t\t\t<div class=\"elementor-widget-container\">\n\t\t\t\t\t\t\t<div class=\"elementor-spacer\">\n\t\t\t<div class=\"elementor-spacer-inner\"><\/div>\n\t\t<\/div>\n\t\t\t\t\t\t<\/div>\n\t\t\t\t<\/div>\n\t\t\t\t\t<\/div>\n\t\t<\/div>\n\t\t\t\t\t<\/div>\n\t\t<\/section>\n\t\t\t\t<section class=\"elementor-section elementor-top-section elementor-element elementor-element-1552c45 elementor-section-boxed elementor-section-height-default elementor-section-height-default parallax_section_no qode_elementor_container_no qodef-elementor-content-no\" data-id=\"1552c45\" data-element_type=\"section\" data-e-type=\"section\">\n\t\t\t\t\t\t<div class=\"elementor-container elementor-column-gap-default\">\n\t\t\t\t\t<div class=\"elementor-column elementor-col-50 elementor-top-column elementor-element elementor-element-f0d4ede\" data-id=\"f0d4ede\" data-element_type=\"column\" data-e-type=\"column\">\n\t\t\t<div class=\"elementor-widget-wrap elementor-element-populated\">\n\t\t\t\t\t\t<div class=\"elementor-element elementor-element-f152f03 elementor-widget elementor-widget-image\" data-id=\"f152f03\" data-element_type=\"widget\" data-e-type=\"widget\" data-widget_type=\"image.default\">\n\t\t\t\t<div class=\"elementor-widget-container\">\n\t\t\t\t\t\t\t\t\t\t\t\t\t\t\t<img fetchpriority=\"high\" decoding=\"async\" width=\"836\" height=\"1024\" src=\"https:\/\/precinct2.net\/wp-content\/uploads\/2021\/01\/eduardo-eddie-cantu-headshot-836x1024.jpg\" class=\"attachment-large size-large wp-image-291\" alt=\"\" srcset=\"https:\/\/precinct2.net\/wp-content\/uploads\/2021\/01\/eduardo-eddie-cantu-headshot-836x1024.jpg 836w, https:\/\/precinct2.net\/wp-content\/uploads\/2021\/01\/eduardo-eddie-cantu-headshot-245x300.jpg 245w, https:\/\/precinct2.net\/wp-content\/uploads\/2021\/01\/eduardo-eddie-cantu-headshot-768x941.jpg 768w, https:\/\/precinct2.net\/wp-content\/uploads\/2021\/01\/eduardo-eddie-cantu-headshot-1254x1536.jpg 1254w, https:\/\/precinct2.net\/wp-content\/uploads\/2021\/01\/eduardo-eddie-cantu-headshot-700x858.jpg 700w, https:\/\/precinct2.net\/wp-content\/uploads\/2021\/01\/eduardo-eddie-cantu-headshot.jpg 1633w\" sizes=\"(max-width: 836px) 100vw, 836px\" \/>\t\t\t\t\t\t\t\t\t\t\t\t\t\t\t<\/div>\n\t\t\t\t<\/div>\n\t\t\t\t\t<\/div>\n\t\t<\/div>\n\t\t\t\t<div class=\"elementor-column elementor-col-50 elementor-top-column elementor-element elementor-element-fcbec34\" data-id=\"fcbec34\" data-element_type=\"column\" data-e-type=\"column\">\n\t\t\t<div class=\"elementor-widget-wrap elementor-element-populated\">\n\t\t\t\t\t\t<div class=\"elementor-element elementor-element-9440cb5 elementor-widget elementor-widget-heading\" data-id=\"9440cb5\" data-element_type=\"widget\" data-e-type=\"widget\" data-widget_type=\"heading.default\">\n\t\t\t\t<div class=\"elementor-widget-container\">\n\t\t\t\t\t<h3 class=\"elementor-heading-title elementor-size-default\">Comisionado del Recinto 2<\/h3>\t\t\t\t<\/div>\n\t\t\t\t<\/div>\n\t\t\t\t<div class=\"elementor-element elementor-element-8c604c7 elementor-widget elementor-widget-text-editor\" data-id=\"8c604c7\" data-element_type=\"widget\" data-e-type=\"widget\" data-widget_type=\"text-editor.default\">\n\t\t\t\t<div class=\"elementor-widget-container\">\n\t\t\t\t\t\t\t\t\t<p>El abogado Eduardo \"Eddie\" Cantu comenz\u00f3 con todo como Comisionado del Recinto 2. El recinto cubre partes del condado no incluidas dentro de los l\u00edmites de la ciudad, incluidas las \u00e1reas de:<\/p><ul><li>Alamo<\/li><li>Hidalgo<\/li><li>McAllen<\/li><li>Misi\u00f3n<\/li><li>Pharr<\/li><li>San Juan<\/li><\/ul><div>\u00a0<\/div><h4>Valores Fundamentales<\/h4><p>Aporta valores fundamentales de dedicaci\u00f3n, integridad, energ\u00eda, compasi\u00f3n y colaboraci\u00f3n con la posici\u00f3n y dice que la parte m\u00e1s importante de su trabajo es mejorar la calidad de vida de las personas que viven, trabajan, y hacen negocios en el Precinto 2.<\/p>\t\t\t\t\t\t\t\t<\/div>\n\t\t\t\t<\/div>\n\t\t\t\t\t<\/div>\n\t\t<\/div>\n\t\t\t\t\t<\/div>\n\t\t<\/section>\n\t\t\t\t<section class=\"elementor-section elementor-top-section elementor-element elementor-element-1cf1a49 elementor-section-boxed elementor-section-height-default elementor-section-height-default parallax_section_no qode_elementor_container_no qodef-elementor-content-no\" data-id=\"1cf1a49\" data-element_type=\"section\" data-e-type=\"section\">\n\t\t\t\t\t\t<div class=\"elementor-container elementor-column-gap-default\">\n\t\t\t\t\t<div class=\"elementor-column elementor-col-100 elementor-top-column elementor-element elementor-element-23fee7f\" data-id=\"23fee7f\" data-element_type=\"column\" data-e-type=\"column\">\n\t\t\t<div class=\"elementor-widget-wrap elementor-element-populated\">\n\t\t\t\t\t\t<div class=\"elementor-element elementor-element-00aecde elementor-widget elementor-widget-text-editor\" data-id=\"00aecde\" data-element_type=\"widget\" data-e-type=\"widget\" data-widget_type=\"text-editor.default\">\n\t\t\t\t<div class=\"elementor-widget-container\">\n\t\t\t\t\t\t\t\t\t<h4 class=\"subhead1\">Proyectos<\/h4><p>El Comisionado Cant\u00fa ya ha iniciado proyectos importantes en colaboraci\u00f3n con otras entidades como la MPO, municipios, distritos escolares, y otros recintos.<\/p><p>\u00a0<\/p><p>Los proyectos de calidad de vida en la agenda del Comisionado incluyen la renovaci\u00f3n y mejora de parques, caminos, drenaje, y la provisi\u00f3n de actividades tipo Boys and Girls Club para ni\u00f1os en \u00e1reas rurales.<\/p><p>\u00a0<\/p><p>\"La educaci\u00f3n, la aptitud social, y otras actividades recreativas se encuentran entre los servicios que me gustar\u00eda ver implementados para beneficiar a los ni\u00f1os del Precinto 2\", dijo Cantu. \"Para familias y adultos, he propuesto la creaci\u00f3n del Valley View Park y un camino regional para caminatas y bicicletas que atravesar\u00eda McAllen, Pharr y San Juan\".<\/p>\t\t\t\t\t\t\t\t<\/div>\n\t\t\t\t<\/div>\n\t\t\t\t\t<\/div>\n\t\t<\/div>\n\t\t\t\t\t<\/div>\n\t\t<\/section>\n\t\t\t\t<section class=\"elementor-section elementor-top-section elementor-element elementor-element-5d5208a elementor-section-boxed elementor-section-height-default elementor-section-height-default parallax_section_no qode_elementor_container_no qodef-elementor-content-no\" data-id=\"5d5208a\" data-element_type=\"section\" data-e-type=\"section\">\n\t\t\t\t\t\t<div class=\"elementor-container elementor-column-gap-default\">\n\t\t\t\t\t<div class=\"elementor-column elementor-col-50 elementor-top-column elementor-element elementor-element-d285404\" data-id=\"d285404\" data-element_type=\"column\" data-e-type=\"column\">\n\t\t\t<div class=\"elementor-widget-wrap elementor-element-populated\">\n\t\t\t\t\t\t<div class=\"elementor-element elementor-element-52f7955 elementor-widget elementor-widget-video\" data-id=\"52f7955\" data-element_type=\"widget\" data-e-type=\"widget\" data-settings=\"{&quot;youtube_url&quot;:&quot;https:\\\/\\\/youtu.be\\\/y93dN4mzk8w&quot;,&quot;video_type&quot;:&quot;youtube&quot;,&quot;controls&quot;:&quot;yes&quot;}\" data-widget_type=\"video.default\">\n\t\t\t\t<div class=\"elementor-widget-container\">\n\t\t\t\t\t\t\t<div class=\"elementor-wrapper elementor-open-inline\">\n\t\t\t<div class=\"elementor-video\"><\/div>\t\t<\/div>\n\t\t\t\t\t\t<\/div>\n\t\t\t\t<\/div>\n\t\t\t\t\t<\/div>\n\t\t<\/div>\n\t\t\t\t<div class=\"elementor-column elementor-col-50 elementor-top-column elementor-element elementor-element-6f868bc\" data-id=\"6f868bc\" data-element_type=\"column\" data-e-type=\"column\">\n\t\t\t<div class=\"elementor-widget-wrap elementor-element-populated\">\n\t\t\t\t\t\t<div class=\"elementor-element elementor-element-b58adf3 elementor-widget elementor-widget-video\" data-id=\"b58adf3\" data-element_type=\"widget\" data-e-type=\"widget\" data-settings=\"{&quot;youtube_url&quot;:&quot;https:\\\/\\\/youtu.be\\\/3ENT6h632Q8&quot;,&quot;video_type&quot;:&quot;youtube&quot;,&quot;controls&quot;:&quot;yes&quot;}\" data-widget_type=\"video.default\">\n\t\t\t\t<div class=\"elementor-widget-container\">\n\t\t\t\t\t\t\t<div class=\"elementor-wrapper elementor-open-inline\">\n\t\t\t<div class=\"elementor-video\"><\/div>\t\t<\/div>\n\t\t\t\t\t\t<\/div>\n\t\t\t\t<\/div>\n\t\t\t\t\t<\/div>\n\t\t<\/div>\n\t\t\t\t\t<\/div>\n\t\t<\/section>\n\t\t\t\t<\/div>","protected":false},"excerpt":{"rendered":"<p>COMMISSIONER PRECINCT 2 Attorney Eduardo &#8220;Eddie&#8221; Cantu hit the ground running as Precinct 2 Commissioner&#8230;.<\/p>","protected":false},"author":1,"featured_media":0,"parent":0,"menu_order":0,"comment_status":"closed","ping_status":"closed","template":"full_width.php","meta":{"footnotes":""},"class_list":["post-384","page","type-page","status-publish","hentry"],"yoast_head":"<!-- This site is optimized with the Yoast SEO plugin v27.0 - https:\/\/yoast.com\/product\/yoast-seo-wordpress\/ -->\n<title>Commissioner Precinct 2 - Hidalgo County Precinct 2, TX<\/title>\n<meta name=\"robots\" content=\"index, follow, max-snippet:-1, max-image-preview:large, max-video-preview:-1\" \/>\n<link rel=\"canonical\" href=\"https:\/\/precinct2.net\/es\/commissioner-precinct-2\/\" \/>\n<meta property=\"og:locale\" content=\"es_MX\" \/>\n<meta property=\"og:type\" content=\"article\" \/>\n<meta property=\"og:title\" content=\"Commissioner Precinct 2 - Hidalgo County Precinct 2, TX\" \/>\n<meta property=\"og:description\" content=\"COMMISSIONER PRECINCT 2 Attorney Eduardo &#8220;Eddie&#8221; Cantu hit the ground running as Precinct 2 Commissioner....\" \/>\n<meta property=\"og:url\" content=\"https:\/\/precinct2.net\/es\/commissioner-precinct-2\/\" \/>\n<meta property=\"og:site_name\" content=\"Hidalgo County Precinct 2, TX\" \/>\n<meta property=\"article:modified_time\" content=\"2021-02-19T21:53:34+00:00\" \/>\n<meta property=\"og:image\" content=\"https:\/\/precinct2.net\/wp-content\/uploads\/2021\/02\/eduardo-eddie-cantu-headshot-1.jpg\" \/>\n\t<meta property=\"og:image:width\" content=\"1200\" \/>\n\t<meta property=\"og:image:height\" content=\"630\" \/>\n\t<meta property=\"og:image:type\" content=\"image\/jpeg\" \/>\n<meta name=\"twitter:card\" content=\"summary_large_image\" \/>\n<meta name=\"twitter:label1\" content=\"Tiempo de lectura\" \/>\n\t<meta name=\"twitter:data1\" content=\"1 minuto\" \/>\n<script type=\"application\/ld+json\" class=\"yoast-schema-graph\">{\"@context\":\"https:\/\/schema.org\",\"@graph\":[{\"@type\":\"WebPage\",\"@id\":\"https:\/\/precinct2.net\/commissioner-precinct-2\/\",\"url\":\"https:\/\/precinct2.net\/commissioner-precinct-2\/\",\"name\":\"Commissioner Precinct 2 - Hidalgo County Precinct 2, TX\",\"isPartOf\":{\"@id\":\"https:\/\/precinct2.net\/#website\"},\"primaryImageOfPage\":{\"@id\":\"https:\/\/precinct2.net\/commissioner-precinct-2\/#primaryimage\"},\"image\":{\"@id\":\"https:\/\/precinct2.net\/commissioner-precinct-2\/#primaryimage\"},\"thumbnailUrl\":\"http:\/\/precinct2.net\/wp-content\/uploads\/2021\/01\/eduardo-eddie-cantu-headshot-836x1024.jpg\",\"datePublished\":\"2021-01-29T18:44:09+00:00\",\"dateModified\":\"2021-02-19T21:53:34+00:00\",\"breadcrumb\":{\"@id\":\"https:\/\/precinct2.net\/commissioner-precinct-2\/#breadcrumb\"},\"inLanguage\":\"es\",\"potentialAction\":[{\"@type\":\"ReadAction\",\"target\":[\"https:\/\/precinct2.net\/commissioner-precinct-2\/\"]}]},{\"@type\":\"ImageObject\",\"inLanguage\":\"es\",\"@id\":\"https:\/\/precinct2.net\/commissioner-precinct-2\/#primaryimage\",\"url\":\"http:\/\/precinct2.net\/wp-content\/uploads\/2021\/01\/eduardo-eddie-cantu-headshot-836x1024.jpg\",\"contentUrl\":\"http:\/\/precinct2.net\/wp-content\/uploads\/2021\/01\/eduardo-eddie-cantu-headshot-836x1024.jpg\"},{\"@type\":\"BreadcrumbList\",\"@id\":\"https:\/\/precinct2.net\/commissioner-precinct-2\/#breadcrumb\",\"itemListElement\":[{\"@type\":\"ListItem\",\"position\":1,\"name\":\"Home\",\"item\":\"https:\/\/precinct2.net\/\"},{\"@type\":\"ListItem\",\"position\":2,\"name\":\"Commissioner Precinct 2\"}]},{\"@type\":\"WebSite\",\"@id\":\"https:\/\/precinct2.net\/#website\",\"url\":\"https:\/\/precinct2.net\/\",\"name\":\"Hidalgo County Precinct 2, TX\",\"description\":\"Official Website\",\"potentialAction\":[{\"@type\":\"SearchAction\",\"target\":{\"@type\":\"EntryPoint\",\"urlTemplate\":\"https:\/\/precinct2.net\/?s={search_term_string}\"},\"query-input\":{\"@type\":\"PropertyValueSpecification\",\"valueRequired\":true,\"valueName\":\"search_term_string\"}}],\"inLanguage\":\"es\"}]}<\/script>\n<!-- \/ Yoast SEO plugin. -->","yoast_head_json":{"title":"Commissioner Precinct 2 - Hidalgo County Precinct 2, TX","robots":{"index":"index","follow":"follow","max-snippet":"max-snippet:-1","max-image-preview":"max-image-preview:large","max-video-preview":"max-video-preview:-1"},"canonical":"https:\/\/precinct2.net\/es\/commissioner-precinct-2\/","og_locale":"es_MX","og_type":"article","og_title":"Commissioner Precinct 2 - Hidalgo County Precinct 2, TX","og_description":"COMMISSIONER PRECINCT 2 Attorney Eduardo &#8220;Eddie&#8221; Cantu hit the ground running as Precinct 2 Commissioner....","og_url":"https:\/\/precinct2.net\/es\/commissioner-precinct-2\/","og_site_name":"Hidalgo County Precinct 2, TX","article_modified_time":"2021-02-19T21:53:34+00:00","og_image":[{"width":1200,"height":630,"url":"https:\/\/precinct2.net\/wp-content\/uploads\/2021\/02\/eduardo-eddie-cantu-headshot-1.jpg","type":"image\/jpeg"}],"twitter_card":"summary_large_image","twitter_misc":{"Tiempo de lectura":"1 minuto"},"schema":{"@context":"https:\/\/schema.org","@graph":[{"@type":"WebPage","@id":"https:\/\/precinct2.net\/commissioner-precinct-2\/","url":"https:\/\/precinct2.net\/commissioner-precinct-2\/","name":"Commissioner Precinct 2 - Hidalgo County Precinct 2, TX","isPartOf":{"@id":"https:\/\/precinct2.net\/#website"},"primaryImageOfPage":{"@id":"https:\/\/precinct2.net\/commissioner-precinct-2\/#primaryimage"},"image":{"@id":"https:\/\/precinct2.net\/commissioner-precinct-2\/#primaryimage"},"thumbnailUrl":"http:\/\/precinct2.net\/wp-content\/uploads\/2021\/01\/eduardo-eddie-cantu-headshot-836x1024.jpg","datePublished":"2021-01-29T18:44:09+00:00","dateModified":"2021-02-19T21:53:34+00:00","breadcrumb":{"@id":"https:\/\/precinct2.net\/commissioner-precinct-2\/#breadcrumb"},"inLanguage":"es","potentialAction":[{"@type":"ReadAction","target":["https:\/\/precinct2.net\/commissioner-precinct-2\/"]}]},{"@type":"ImageObject","inLanguage":"es","@id":"https:\/\/precinct2.net\/commissioner-precinct-2\/#primaryimage","url":"http:\/\/precinct2.net\/wp-content\/uploads\/2021\/01\/eduardo-eddie-cantu-headshot-836x1024.jpg","contentUrl":"http:\/\/precinct2.net\/wp-content\/uploads\/2021\/01\/eduardo-eddie-cantu-headshot-836x1024.jpg"},{"@type":"BreadcrumbList","@id":"https:\/\/precinct2.net\/commissioner-precinct-2\/#breadcrumb","itemListElement":[{"@type":"ListItem","position":1,"name":"Home","item":"https:\/\/precinct2.net\/"},{"@type":"ListItem","position":2,"name":"Commissioner Precinct 2"}]},{"@type":"WebSite","@id":"https:\/\/precinct2.net\/#website","url":"https:\/\/precinct2.net\/","name":"Hidalgo County Precinct 2, TX","description":"Official Website","potentialAction":[{"@type":"SearchAction","target":{"@type":"EntryPoint","urlTemplate":"https:\/\/precinct2.net\/?s={search_term_string}"},"query-input":{"@type":"PropertyValueSpecification","valueRequired":true,"valueName":"search_term_string"}}],"inLanguage":"es"}]}},"_links":{"self":[{"href":"https:\/\/precinct2.net\/es\/wp-json\/wp\/v2\/pages\/384","targetHints":{"allow":["GET"]}}],"collection":[{"href":"https:\/\/precinct2.net\/es\/wp-json\/wp\/v2\/pages"}],"about":[{"href":"https:\/\/precinct2.net\/es\/wp-json\/wp\/v2\/types\/page"}],"author":[{"embeddable":true,"href":"https:\/\/precinct2.net\/es\/wp-json\/wp\/v2\/users\/1"}],"replies":[{"embeddable":true,"href":"https:\/\/precinct2.net\/es\/wp-json\/wp\/v2\/comments?post=384"}],"version-history":[{"count":39,"href":"https:\/\/precinct2.net\/es\/wp-json\/wp\/v2\/pages\/384\/revisions"}],"predecessor-version":[{"id":1855,"href":"https:\/\/precinct2.net\/es\/wp-json\/wp\/v2\/pages\/384\/revisions\/1855"}],"wp:attachment":[{"href":"https:\/\/precinct2.net\/es\/wp-json\/wp\/v2\/media?parent=384"}],"curies":[{"name":"wp","href":"https:\/\/api.w.org\/{rel}","templated":true}]}}