{"id":970,"date":"2021-02-02T23:35:05","date_gmt":"2021-02-02T23:35:05","guid":{"rendered":"http:\/\/precinct2.net\/?page_id=970"},"modified":"2021-02-06T16:56:31","modified_gmt":"2021-02-06T16:56:31","slug":"park-rules","status":"publish","type":"page","link":"https:\/\/precinct2.net\/es\/park-rules\/","title":{"rendered":"Reglas del Parque"},"content":{"rendered":"<div data-elementor-type=\"wp-page\" data-elementor-id=\"970\" class=\"elementor elementor-970\">\n\t\t\t\t\t\t<section class=\"elementor-section elementor-top-section elementor-element elementor-element-b48082d elementor-section-full_width elementor-section-height-default elementor-section-height-default parallax_section_no qode_elementor_container_no qodef-elementor-content-no\" data-id=\"b48082d\" data-element_type=\"section\" data-e-type=\"section\" data-settings=\"{&quot;background_background&quot;:&quot;classic&quot;}\">\n\t\t\t\t\t\t<div class=\"elementor-container elementor-column-gap-default\">\n\t\t\t\t\t\t<\/div>\n\t\t<\/section>\n\t\t\t\t<section class=\"elementor-section elementor-top-section elementor-element elementor-element-21e9804 elementor-section-boxed elementor-section-height-default elementor-section-height-default parallax_section_no qode_elementor_container_no qodef-elementor-content-no\" data-id=\"21e9804\" data-element_type=\"section\" data-e-type=\"section\">\n\t\t\t\t\t\t<div class=\"elementor-container elementor-column-gap-default\">\n\t\t\t\t\t<div class=\"elementor-column elementor-col-100 elementor-top-column elementor-element elementor-element-8504091\" data-id=\"8504091\" data-element_type=\"column\" data-e-type=\"column\">\n\t\t\t<div class=\"elementor-widget-wrap elementor-element-populated\">\n\t\t\t\t\t\t<div class=\"elementor-element elementor-element-798d416 elementor-widget elementor-widget-heading\" data-id=\"798d416\" data-element_type=\"widget\" data-e-type=\"widget\" data-widget_type=\"heading.default\">\n\t\t\t\t<div class=\"elementor-widget-container\">\n\t\t\t\t\t<h1 class=\"elementor-heading-title elementor-size-default\">Reglas del Parque<\/h1>\t\t\t\t<\/div>\n\t\t\t\t<\/div>\n\t\t\t\t\t<\/div>\n\t\t<\/div>\n\t\t\t\t\t<\/div>\n\t\t<\/section>\n\t\t\t\t<section class=\"elementor-section elementor-top-section elementor-element elementor-element-e083b18 elementor-section-boxed elementor-section-height-default elementor-section-height-default parallax_section_no qode_elementor_container_no qodef-elementor-content-no\" data-id=\"e083b18\" data-element_type=\"section\" data-e-type=\"section\">\n\t\t\t\t\t\t<div class=\"elementor-container elementor-column-gap-default\">\n\t\t\t\t\t<div class=\"elementor-column elementor-col-100 elementor-top-column elementor-element elementor-element-7fb4e95\" data-id=\"7fb4e95\" data-element_type=\"column\" data-e-type=\"column\">\n\t\t\t<div class=\"elementor-widget-wrap elementor-element-populated\">\n\t\t\t\t\t\t<div class=\"elementor-element elementor-element-56f407f elementor-widget elementor-widget-text-editor\" data-id=\"56f407f\" data-element_type=\"widget\" data-e-type=\"widget\" data-widget_type=\"text-editor.default\">\n\t\t\t\t<div class=\"elementor-widget-container\">\n\t\t\t\t\t\t\t\t\t<h3>Aviso<\/h3><p>Si se viola alguna regla, el personal de aplicaci\u00f3n del c\u00f3digo le pedir\u00e1 que abandone las instalaciones del condado.<\/p>\t\t\t\t\t\t\t\t<\/div>\n\t\t\t\t<\/div>\n\t\t\t\t\t<\/div>\n\t\t<\/div>\n\t\t\t\t\t<\/div>\n\t\t<\/section>\n\t\t\t\t<section class=\"elementor-section elementor-top-section elementor-element elementor-element-9843850 elementor-section-boxed elementor-section-height-default elementor-section-height-default parallax_section_no qode_elementor_container_no qodef-elementor-content-no\" data-id=\"9843850\" data-element_type=\"section\" data-e-type=\"section\">\n\t\t\t\t\t\t<div class=\"elementor-container elementor-column-gap-default\">\n\t\t\t\t\t<div class=\"elementor-column elementor-col-100 elementor-top-column elementor-element elementor-element-23344e8\" data-id=\"23344e8\" data-element_type=\"column\" data-e-type=\"column\">\n\t\t\t<div class=\"elementor-widget-wrap elementor-element-populated\">\n\t\t\t\t\t\t<div class=\"elementor-element elementor-element-b16dfe5 elementor-widget elementor-widget-text-editor\" data-id=\"b16dfe5\" data-element_type=\"widget\" data-e-type=\"widget\" data-widget_type=\"text-editor.default\">\n\t\t\t\t<div class=\"elementor-widget-container\">\n\t\t\t\t\t\t\t\t\t<h3>Reglas Generales del Parque<\/h3><p>Las llaves deben entregarse el siguiente d\u00eda antes del mediod\u00eda.<\/p><p>Debe salir del parque a las 9 p.m. (con la excepci\u00f3n del Parque Las Milpas, del cual debe estar fuera a las 7 p.m.)<\/p><p>Debe proporcionar sus propios productos de limpieza.<\/p><p>No hay m\u00fasica amplificada como DJ, bandas, o radios a todo volumen.<\/p><p>No se permiten paseos de clubes de autom\u00f3viles.<\/p><p>No se permiten armas de fuego, armas, o bebidas alcoh\u00f3licas en el parque.<\/p><p>No se permiten mascotas, bicicletas, patines, o patinetas.<\/p><p>\u00a1No se permiten pi\u00f1atas, saltos de luna, toboganes de agua, juegos de trenes el\u00e9ctricos, o paseos en pony!<\/p><p>Tenga su contrato con usted el d\u00eda de su evento.<\/p><p>El Recinto No. 2 no se hace responsable de ning\u00fan accidente, da\u00f1o personal o robo que ocurra en el parque.<\/p><p>El \u00e1rea reservada debe limpiarse.<\/p>\t\t\t\t\t\t\t\t<\/div>\n\t\t\t\t<\/div>\n\t\t\t\t\t<\/div>\n\t\t<\/div>\n\t\t\t\t\t<\/div>\n\t\t<\/section>\n\t\t\t\t<section class=\"elementor-section elementor-top-section elementor-element elementor-element-5e22d4c elementor-section-boxed elementor-section-height-default elementor-section-height-default parallax_section_no qode_elementor_container_no qodef-elementor-content-no\" data-id=\"5e22d4c\" data-element_type=\"section\" data-e-type=\"section\">\n\t\t\t\t\t\t<div class=\"elementor-container elementor-column-gap-default\">\n\t\t\t\t\t<div class=\"elementor-column elementor-col-100 elementor-top-column elementor-element elementor-element-9017f88\" data-id=\"9017f88\" data-element_type=\"column\" data-e-type=\"column\">\n\t\t\t<div class=\"elementor-widget-wrap elementor-element-populated\">\n\t\t\t\t\t\t<div class=\"elementor-element elementor-element-17d898a elementor-widget elementor-widget-text-editor\" data-id=\"17d898a\" data-element_type=\"widget\" data-e-type=\"widget\" data-widget_type=\"text-editor.default\">\n\t\t\t\t<div class=\"elementor-widget-container\">\n\t\t\t\t\t\t\t\t\t<h3>Cocina Les Gilmore<\/h3><p>Adem\u00e1s de las reglas generales:<\/p><p>\u00a0<\/p><p>Encienda el fuego sobre la losa de concreto y limpie las fosas despu\u00e9s de su uso (limpie la parrilla y retire el carb\u00f3n).<\/p><p>No tire los restos de comida dentro de los fregaderos de la cocina o en las trampas de grasa ubicadas fuera de la cocina.<\/p><p>Para eventos de recaudaci\u00f3n de fondos para alimentos, debe presentarse ante el Departamento de Salud de la Ciudad de McAllen para solicitar un permiso de alimentos y tomar clases de manipulaci\u00f3n de alimentos.<\/p><p>Uno debe cumplir con la Ordenanza de la Ciudad de McAllen con respecto al Cap\u00edtulo 6 de Bebidas Alcoh\u00f3licas (Sec. 74-77 y (ruido fuerte) Sec. 42.01 (C) (2) del C\u00f3digo Penal de Texas<\/p><p>Coloque toda la basura en contenedores de basura.<\/p><p>Apague las luces antes de salir y cierre las puertas delanteras y traseras.<\/p>\t\t\t\t\t\t\t\t<\/div>\n\t\t\t\t<\/div>\n\t\t\t\t\t<\/div>\n\t\t<\/div>\n\t\t\t\t\t<\/div>\n\t\t<\/section>\n\t\t\t\t<section class=\"elementor-section elementor-top-section elementor-element elementor-element-1c05f19 elementor-section-boxed elementor-section-height-default elementor-section-height-default parallax_section_no qode_elementor_container_no qodef-elementor-content-no\" data-id=\"1c05f19\" data-element_type=\"section\" data-e-type=\"section\">\n\t\t\t\t\t\t<div class=\"elementor-container elementor-column-gap-default\">\n\t\t\t\t\t<div class=\"elementor-column elementor-col-100 elementor-top-column elementor-element elementor-element-d7d9ea1\" data-id=\"d7d9ea1\" data-element_type=\"column\" data-e-type=\"column\">\n\t\t\t<div class=\"elementor-widget-wrap elementor-element-populated\">\n\t\t\t\t\t\t<div class=\"elementor-element elementor-element-3926ecc elementor-widget elementor-widget-text-editor\" data-id=\"3926ecc\" data-element_type=\"widget\" data-e-type=\"widget\" data-widget_type=\"text-editor.default\">\n\t\t\t\t<div class=\"elementor-widget-container\">\n\t\t\t\t\t\t\t\t\t<h3>Pabell\u00f3n Palmer<\/h3><p>Adem\u00e1s de las reglas generales:<\/p><p>\u00a0<\/p><p>No retire mesas o sillas del pabell\u00f3n.<\/p><p>Para eventos de recaudaci\u00f3n de fondos para alimentos, debe presentarse ante el Departamento de Salud de la Ciudad de McAllen para solicitar un permiso de alimentos y tomar clases de manipulaci\u00f3n de alimentos.<\/p><p>No se permiten eventos sociales (Quincea\u00f1eras, Bodas, Baby Showers, Graduaciones, Cenas Recepciones, Reuniones Familiares, etc.).<\/p><p>No se permiten veh\u00edculos dentro del pabell\u00f3n.<\/p><p>Uno debe cumplir con la Ordenanza de la Ciudad de McAllen con respecto al Cap\u00edtulo 6 de Bebidas Alcoh\u00f3licas (Sec. 74-77 y (ruido fuerte) Sec. 42.01 (C) (2) del C\u00f3digo Penal de Texas<\/p><p>Apague todas las luces.<\/p>\t\t\t\t\t\t\t\t<\/div>\n\t\t\t\t<\/div>\n\t\t\t\t\t<\/div>\n\t\t<\/div>\n\t\t\t\t\t<\/div>\n\t\t<\/section>\n\t\t\t\t<\/div>","protected":false},"excerpt":{"rendered":"<p>Park Rules Notice If any rule is violated, you will be asked to leave the&#8230;<\/p>","protected":false},"author":1,"featured_media":0,"parent":0,"menu_order":0,"comment_status":"closed","ping_status":"closed","template":"full_width.php","meta":{"footnotes":""},"class_list":["post-970","page","type-page","status-publish","hentry"],"yoast_head":"<!-- This site is optimized with the Yoast SEO plugin v27.0 - https:\/\/yoast.com\/product\/yoast-seo-wordpress\/ -->\n<title>Park Rules - Hidalgo County Precinct 2, TX<\/title>\n<meta name=\"robots\" content=\"index, follow, max-snippet:-1, max-image-preview:large, max-video-preview:-1\" \/>\n<link rel=\"canonical\" href=\"https:\/\/precinct2.net\/es\/park-rules\/\" \/>\n<meta property=\"og:locale\" content=\"es_MX\" \/>\n<meta property=\"og:type\" content=\"article\" \/>\n<meta property=\"og:title\" content=\"Park Rules - Hidalgo County Precinct 2, TX\" \/>\n<meta property=\"og:description\" content=\"Park Rules Notice If any rule is violated, you will be asked to leave the...\" \/>\n<meta property=\"og:url\" content=\"https:\/\/precinct2.net\/es\/park-rules\/\" \/>\n<meta property=\"og:site_name\" content=\"Hidalgo County Precinct 2, TX\" \/>\n<meta property=\"article:modified_time\" content=\"2021-02-06T16:56:31+00:00\" \/>\n<meta name=\"twitter:card\" content=\"summary_large_image\" \/>\n<meta name=\"twitter:label1\" content=\"Tiempo de lectura\" \/>\n\t<meta name=\"twitter:data1\" content=\"2 minutos\" \/>\n<script type=\"application\/ld+json\" class=\"yoast-schema-graph\">{\"@context\":\"https:\/\/schema.org\",\"@graph\":[{\"@type\":\"WebPage\",\"@id\":\"https:\/\/precinct2.net\/park-rules\/\",\"url\":\"https:\/\/precinct2.net\/park-rules\/\",\"name\":\"Park Rules - Hidalgo County Precinct 2, TX\",\"isPartOf\":{\"@id\":\"https:\/\/precinct2.net\/#website\"},\"datePublished\":\"2021-02-02T23:35:05+00:00\",\"dateModified\":\"2021-02-06T16:56:31+00:00\",\"breadcrumb\":{\"@id\":\"https:\/\/precinct2.net\/park-rules\/#breadcrumb\"},\"inLanguage\":\"es\",\"potentialAction\":[{\"@type\":\"ReadAction\",\"target\":[\"https:\/\/precinct2.net\/park-rules\/\"]}]},{\"@type\":\"BreadcrumbList\",\"@id\":\"https:\/\/precinct2.net\/park-rules\/#breadcrumb\",\"itemListElement\":[{\"@type\":\"ListItem\",\"position\":1,\"name\":\"Home\",\"item\":\"https:\/\/precinct2.net\/\"},{\"@type\":\"ListItem\",\"position\":2,\"name\":\"Park Rules\"}]},{\"@type\":\"WebSite\",\"@id\":\"https:\/\/precinct2.net\/#website\",\"url\":\"https:\/\/precinct2.net\/\",\"name\":\"Hidalgo County Precinct 2, TX\",\"description\":\"Official Website\",\"potentialAction\":[{\"@type\":\"SearchAction\",\"target\":{\"@type\":\"EntryPoint\",\"urlTemplate\":\"https:\/\/precinct2.net\/?s={search_term_string}\"},\"query-input\":{\"@type\":\"PropertyValueSpecification\",\"valueRequired\":true,\"valueName\":\"search_term_string\"}}],\"inLanguage\":\"es\"}]}<\/script>\n<!-- \/ Yoast SEO plugin. -->","yoast_head_json":{"title":"Park Rules - Hidalgo County Precinct 2, TX","robots":{"index":"index","follow":"follow","max-snippet":"max-snippet:-1","max-image-preview":"max-image-preview:large","max-video-preview":"max-video-preview:-1"},"canonical":"https:\/\/precinct2.net\/es\/park-rules\/","og_locale":"es_MX","og_type":"article","og_title":"Park Rules - Hidalgo County Precinct 2, TX","og_description":"Park Rules Notice If any rule is violated, you will be asked to leave the...","og_url":"https:\/\/precinct2.net\/es\/park-rules\/","og_site_name":"Hidalgo County Precinct 2, TX","article_modified_time":"2021-02-06T16:56:31+00:00","twitter_card":"summary_large_image","twitter_misc":{"Tiempo de lectura":"2 minutos"},"schema":{"@context":"https:\/\/schema.org","@graph":[{"@type":"WebPage","@id":"https:\/\/precinct2.net\/park-rules\/","url":"https:\/\/precinct2.net\/park-rules\/","name":"Park Rules - Hidalgo County Precinct 2, TX","isPartOf":{"@id":"https:\/\/precinct2.net\/#website"},"datePublished":"2021-02-02T23:35:05+00:00","dateModified":"2021-02-06T16:56:31+00:00","breadcrumb":{"@id":"https:\/\/precinct2.net\/park-rules\/#breadcrumb"},"inLanguage":"es","potentialAction":[{"@type":"ReadAction","target":["https:\/\/precinct2.net\/park-rules\/"]}]},{"@type":"BreadcrumbList","@id":"https:\/\/precinct2.net\/park-rules\/#breadcrumb","itemListElement":[{"@type":"ListItem","position":1,"name":"Home","item":"https:\/\/precinct2.net\/"},{"@type":"ListItem","position":2,"name":"Park Rules"}]},{"@type":"WebSite","@id":"https:\/\/precinct2.net\/#website","url":"https:\/\/precinct2.net\/","name":"Hidalgo County Precinct 2, TX","description":"Official Website","potentialAction":[{"@type":"SearchAction","target":{"@type":"EntryPoint","urlTemplate":"https:\/\/precinct2.net\/?s={search_term_string}"},"query-input":{"@type":"PropertyValueSpecification","valueRequired":true,"valueName":"search_term_string"}}],"inLanguage":"es"}]}},"_links":{"self":[{"href":"https:\/\/precinct2.net\/es\/wp-json\/wp\/v2\/pages\/970","targetHints":{"allow":["GET"]}}],"collection":[{"href":"https:\/\/precinct2.net\/es\/wp-json\/wp\/v2\/pages"}],"about":[{"href":"https:\/\/precinct2.net\/es\/wp-json\/wp\/v2\/types\/page"}],"author":[{"embeddable":true,"href":"https:\/\/precinct2.net\/es\/wp-json\/wp\/v2\/users\/1"}],"replies":[{"embeddable":true,"href":"https:\/\/precinct2.net\/es\/wp-json\/wp\/v2\/comments?post=970"}],"version-history":[{"count":22,"href":"https:\/\/precinct2.net\/es\/wp-json\/wp\/v2\/pages\/970\/revisions"}],"predecessor-version":[{"id":1609,"href":"https:\/\/precinct2.net\/es\/wp-json\/wp\/v2\/pages\/970\/revisions\/1609"}],"wp:attachment":[{"href":"https:\/\/precinct2.net\/es\/wp-json\/wp\/v2\/media?parent=970"}],"curies":[{"name":"wp","href":"https:\/\/api.w.org\/{rel}","templated":true}]}}